{"id":5334,"date":"2023-03-17T08:51:58","date_gmt":"2023-03-17T07:51:58","guid":{"rendered":"http:\/\/alexisguenault.com\/?page_id=5334"},"modified":"2026-02-26T09:04:31","modified_gmt":"2026-02-26T08:04:31","slug":"etat-stationnaire","status":"publish","type":"page","link":"http:\/\/alexisguenault.com\/?page_id=5334","title":{"rendered":"DE LA PRATIQUE DE L&rsquo;ERRANCE : ETAT STATIONNAIRE, TRACES ET VIRTUALITES"},"content":{"rendered":"\n<p class=\"has-text-align-left has-black-color has-text-color has-background has-normal-font-size\" style=\"background-color:#ffffff00;padding-top:var(--wp--preset--spacing--70);padding-right:0;padding-bottom:var(--wp--preset--spacing--70);padding-left:0\">De la pratique de l\u2019errance : \u00e9tat stationnaire, traces et virtualit\u00e9s<\/p>\n\n\n\n<p>C\u2019est par la pratique de l&rsquo;errance, telle que le processus de production l\u2019explore, que le syst\u00e8me se d\u00e9ploie, selon une dynamique complexe de transformation o\u00f9 le bricolage joue un r\u00f4le central, mani\u00e8re de faire qui embrasse l\u2019incertitude et l\u2019instabilit\u00e9 et souligne l&rsquo;importance des relations et configurations transitoires. &nbsp;<\/p>\n\n\n\n<p>Cette approche, qui met en lumi\u00e8re l&rsquo;absence d&rsquo;un centre ou d&rsquo;une origine fixe, peut se comprendre \u00e0 l\u2019aune du concept d\u2019autopo\u00ef\u00e8se, concept emprunt\u00e9 \u00e0 la biologie et utilis\u00e9 pour d\u00e9crire un syst\u00e8me qui se r\u00e9g\u00e9n\u00e8re et s&rsquo;adapte en permanence, malgr\u00e9 les changements de composants. Les \u00e9l\u00e9ments sont sans cesse manipul\u00e9s, r\u00e9arrang\u00e9s, et archiv\u00e9s, formant une m\u00e9moire active, produisant des \u00ab imarges \u00bb &#8211; <em>images en marge<\/em> &#8211; qui \u00e0 la fois t\u00e9moignent des transformations pass\u00e9es et s\u2019inscrivent \u00e9galement comme images op\u00e9rationnelles, ces \u00ab&nbsp;objets&nbsp;\u00bb charg\u00e9s d&rsquo;inscriptions pass\u00e9es &#8211; renvoyant \u00e0 leur histoire et parfois \u00e0 leur gen\u00e8se (m\u00e9ta-information) \u2013 devenant \u00e9galement des virtualit\u00e9s, embrayeurs ou d\u00e9clencheurs de nouvelles phases de production.<\/p>\n\n\n\n<p>Alors si l\u2019instabilit\u00e9 f\u00e9conde du processus, alli\u00e9 \u00e0 sa n\u00e9cessit\u00e9 autophagique, ne permet que la cr\u00e9ation d&rsquo;un r\u00e9pertoire de formes \u00e9ph\u00e9m\u00e8res et que chaque transformation ne r\u00e9colte que les traces de son op\u00e9ration, la question de l\u2019exposition vient ici se poser, se confrontant au principe productif tel qu\u2019il a \u00e9t\u00e9 d\u00e9crit, \u00e0 savoir comme un processus constant d\u2019autopo\u00ef\u00e8se.<\/p>\n\n\n\n<p><em>\u00ab\u00a0Enregistrer ne suffit pas, il faut ensuite faire remonter ou revenir ce qui a \u00e9t\u00e9 enregistr\u00e9<\/em>.\u00a0\u00bb<\/p>\n\n\n\n<p>Comment rendre visible \u2013 EX-POSER &#8211; ce qui n&rsquo;existe qu\u2019\u00e0 l\u2019\u00e9tat de traces ou de potentialit\u00e9s ?&nbsp;<\/p>\n\n\n\n<p>Dans quelle mesure et comment l&rsquo;exposition peut-elle faire sens ?<\/p>\n\n\n\n<p>Comment l\u2019exposition se manifeste-t-elle ? Qu\u2019est-ce qui s\u2019expose et comment ?<\/p>\n\n\n\n<p>Comment faire remonter \u00e0 la surface ces traces et ces virtualit\u00e9s ? Comment les mettre en lumi\u00e8re, les exposer ?<\/p>\n\n\n\n<p>Se dessinent alors des \u201csolutions\u201d, comprises ici comme des agencements pour une sortie au dehors du dedans. Diff\u00e9rents \u201cobjets de monstration\u201d s\u2019activent &#8211; magazines, site internet ou encore des espaces \u201cconcrets\u201d &#8211; et forment une interface globale d&rsquo;une exp\u00e9rience plus diffuse et que l&rsquo;on pourrait qualifier \u00ab d&rsquo;exp\u00e9rience de l&rsquo;\u00e9cho \u00bb.<\/p>\n\n\n\n<p>\u201cL\u2019espace d\u2019exposition\u201d est alors diffract\u00e9 et, s\u2019il peut \u00eatre per\u00e7u comme une coupure dans le flux continu de la production &#8211; comme un \u00e9tat stationnaire &#8211; peut \u00e9galement appara\u00eetre comme la <em>\u00ab cartographie d\u2019un objet temporel \u00bb<\/em>, devenant un lieu multiple o\u00f9 la pratique, tout en s\u2019exposant, se r\u00e9fl\u00e9chit dans un espace de synth\u00e8se et d&rsquo;exp\u00e9rience temporelle en mouvement.<\/p>\n","protected":false},"excerpt":{"rendered":"<p>De la pratique de l\u2019errance : \u00e9tat stationnaire, traces et virtualit\u00e9s C\u2019est par la pratique de l&rsquo;errance, telle que le processus de production l\u2019explore, que le syst\u00e8me se d\u00e9ploie, selon une dynamique complexe de transformation o\u00f9 le bricolage joue un r\u00f4le central, mani\u00e8re de faire qui embrasse l\u2019incertitude et l\u2019instabilit\u00e9 et souligne l&rsquo;importance des relations et configurations transitoires. &nbsp; Cette approche, qui met en lumi\u00e8re l&rsquo;absence d&rsquo;un centre ou d&rsquo;une origine fixe, peut se comprendre \u00e0 l\u2019aune du concept d\u2019autopo\u00ef\u00e8se, concept emprunt\u00e9 \u00e0 la biologie et utilis\u00e9 pour d\u00e9crire un syst\u00e8me qui se r\u00e9g\u00e9n\u00e8re et s&rsquo;adapte en permanence, malgr\u00e9 les<\/p>\n","protected":false},"author":1,"featured_media":0,"parent":0,"menu_order":1,"comment_status":"closed","ping_status":"closed","template":"","meta":{"footnotes":""},"class_list":["post-5334","page","type-page","status-publish","hentry"],"_links":{"self":[{"href":"http:\/\/alexisguenault.com\/index.php?rest_route=\/wp\/v2\/pages\/5334","targetHints":{"allow":["GET"]}}],"collection":[{"href":"http:\/\/alexisguenault.com\/index.php?rest_route=\/wp\/v2\/pages"}],"about":[{"href":"http:\/\/alexisguenault.com\/index.php?rest_route=\/wp\/v2\/types\/page"}],"author":[{"embeddable":true,"href":"http:\/\/alexisguenault.com\/index.php?rest_route=\/wp\/v2\/users\/1"}],"replies":[{"embeddable":true,"href":"http:\/\/alexisguenault.com\/index.php?rest_route=%2Fwp%2Fv2%2Fcomments&post=5334"}],"version-history":[{"count":76,"href":"http:\/\/alexisguenault.com\/index.php?rest_route=\/wp\/v2\/pages\/5334\/revisions"}],"predecessor-version":[{"id":13448,"href":"http:\/\/alexisguenault.com\/index.php?rest_route=\/wp\/v2\/pages\/5334\/revisions\/13448"}],"wp:attachment":[{"href":"http:\/\/alexisguenault.com\/index.php?rest_route=%2Fwp%2Fv2%2Fmedia&parent=5334"}],"curies":[{"name":"wp","href":"https:\/\/api.w.org\/{rel}","templated":true}]}}